{"id":85,"date":"2023-03-07T12:22:51","date_gmt":"2023-03-07T12:22:51","guid":{"rendered":"https:\/\/www.test.ulaznice.hr\/skrivenadalmacija\/?page_id=85"},"modified":"2023-04-06T10:58:10","modified_gmt":"2023-04-06T09:58:10","slug":"nova-naslovnica","status":"publish","type":"page","link":"https:\/\/www.ulaznice.hr\/skrivenadalmacija\/","title":{"rendered":"Slobodna Dalmacija naslovnica 2"},"content":{"rendered":"\t\t<div data-elementor-type=\"wp-page\" data-elementor-id=\"85\" class=\"elementor elementor-85\">\n\t\t\t\t\t\t\t\t\t<section class=\"elementor-section elementor-top-section elementor-element elementor-element-02166b0 elementor-section-boxed elementor-section-height-default elementor-section-height-default\" data-id=\"02166b0\" data-element_type=\"section\">\n\t\t\t\t\t\t<div class=\"elementor-container elementor-column-gap-default\">\n\t\t\t\t\t<div class=\"elementor-column elementor-col-100 elementor-top-column elementor-element elementor-element-bfb03f6\" data-id=\"bfb03f6\" data-element_type=\"column\">\n\t\t\t<div class=\"elementor-widget-wrap elementor-element-populated\">\n\t\t\t\t\t\t\t\t<div class=\"elementor-element elementor-element-2428c08 elementor-widget elementor-widget-heading\" data-id=\"2428c08\" data-element_type=\"widget\" data-widget_type=\"heading.default\">\n\t\t\t\t<div class=\"elementor-widget-container\">\n\t\t\t<style>\/*! elementor - v3.11.5 - 14-03-2023 *\/\n.elementor-heading-title{padding:0;margin:0;line-height:1}.elementor-widget-heading .elementor-heading-title[class*=elementor-size-]>a{color:inherit;font-size:inherit;line-height:inherit}.elementor-widget-heading .elementor-heading-title.elementor-size-small{font-size:15px}.elementor-widget-heading .elementor-heading-title.elementor-size-medium{font-size:19px}.elementor-widget-heading .elementor-heading-title.elementor-size-large{font-size:29px}.elementor-widget-heading .elementor-heading-title.elementor-size-xl{font-size:39px}.elementor-widget-heading .elementor-heading-title.elementor-size-xxl{font-size:59px}<\/style><h2 class=\"elementor-heading-title elementor-size-default\">Odaberite vrstu do\u017eivljaja Skrivene Dalmacije.<\/h2>\t\t<\/div>\n\t\t\t\t<\/div>\n\t\t\t\t<div class=\"elementor-element elementor-element-79f5c89 elementor-widget elementor-widget-heading\" data-id=\"79f5c89\" data-element_type=\"widget\" data-widget_type=\"heading.default\">\n\t\t\t\t<div class=\"elementor-widget-container\">\n\t\t\t<h2 class=\"elementor-heading-title elementor-size-large\">Centar za posjetitelje Skrivena Dalmacija je edukativni, multimedijalni i interpretacijski centar s dodatkom pou\u010dnih staza i \u0161kola u prirodi. Sredi\u0161nje mjesto Centra je multimedijalni interpretacijski postav koji na moderan i interaktivan na\u010din prezentira prirodnu ba\u0161tinu. Centar nudi multisenzorske interpretativne zone, taktilne, zvu\u010dne, mirisne elemente i video projekcije te pou\u010dne interaktivne instalacije.<\/h2>\t\t<\/div>\n\t\t\t\t<\/div>\n\t\t\t\t<div class=\"elementor-element elementor-element-40a1645 elementor-widget elementor-widget-spacer\" data-id=\"40a1645\" data-element_type=\"widget\" data-widget_type=\"spacer.default\">\n\t\t\t\t<div class=\"elementor-widget-container\">\n\t\t\t<style>\/*! elementor - v3.11.5 - 14-03-2023 *\/\n.elementor-column .elementor-spacer-inner{height:var(--spacer-size)}.e-con{--container-widget-width:100%}.e-con-inner>.elementor-widget-spacer,.e-con>.elementor-widget-spacer{width:var(--container-widget-width,var(--spacer-size));--align-self:var(--container-widget-align-self,initial);--flex-shrink:0}.e-con-inner>.elementor-widget-spacer>.elementor-widget-container,.e-con-inner>.elementor-widget-spacer>.elementor-widget-container>.elementor-spacer,.e-con>.elementor-widget-spacer>.elementor-widget-container,.e-con>.elementor-widget-spacer>.elementor-widget-container>.elementor-spacer{height:100%}.e-con-inner>.elementor-widget-spacer>.elementor-widget-container>.elementor-spacer>.elementor-spacer-inner,.e-con>.elementor-widget-spacer>.elementor-widget-container>.elementor-spacer>.elementor-spacer-inner{height:var(--container-widget-height,var(--spacer-size))}<\/style>\t\t<div class=\"elementor-spacer\">\n\t\t\t<div class=\"elementor-spacer-inner\"><\/div>\n\t\t<\/div>\n\t\t\t\t<\/div>\n\t\t\t\t<\/div>\n\t\t\t\t\t<\/div>\n\t\t<\/div>\n\t\t\t\t\t\t\t<\/div>\n\t\t<\/section>\n\t\t\t\t<section class=\"elementor-section elementor-top-section elementor-element elementor-element-d2a1e94 elementor-section-boxed elementor-section-height-default elementor-section-height-default\" data-id=\"d2a1e94\" data-element_type=\"section\">\n\t\t\t\t\t\t<div class=\"elementor-container elementor-column-gap-default\">\n\t\t\t\t\t<div class=\"elementor-column elementor-col-33 elementor-top-column elementor-element elementor-element-0e51f54\" data-id=\"0e51f54\" data-element_type=\"column\">\n\t\t\t<div class=\"elementor-widget-wrap elementor-element-populated\">\n\t\t\t\t\t\t\t\t<div class=\"elementor-element elementor-element-126dc52 elementor-widget elementor-widget-image\" data-id=\"126dc52\" data-element_type=\"widget\" data-widget_type=\"image.default\">\n\t\t\t\t<div class=\"elementor-widget-container\">\n\t\t\t<style>\/*! elementor - v3.11.5 - 14-03-2023 *\/\n.elementor-widget-image{text-align:center}.elementor-widget-image a{display:inline-block}.elementor-widget-image a img[src$=\".svg\"]{width:48px}.elementor-widget-image img{vertical-align:middle;display:inline-block}<\/style>\t\t\t\t\t\t\t\t\t\t\t\t\t<a href=\"https:\/\/www.ulaznice.hr\/skrivenadalmacija\/shop\/event\/116\/1\">\n\t\t\t\t\t\t\t<img loading=\"lazy\" decoding=\"async\" width=\"500\" height=\"380\" src=\"https:\/\/www.ulaznice.hr\/skrivenadalmacija\/wp-content\/uploads\/2023\/03\/skrivena_dalmacija_cp_dugopolje36-021122-1-1.png\" class=\"attachment-large size-large wp-image-156\" alt=\"\" srcset=\"https:\/\/www.ulaznice.hr\/skrivenadalmacija\/wp-content\/uploads\/2023\/03\/skrivena_dalmacija_cp_dugopolje36-021122-1-1.png 500w, https:\/\/www.ulaznice.hr\/skrivenadalmacija\/wp-content\/uploads\/2023\/03\/skrivena_dalmacija_cp_dugopolje36-021122-1-1-300x228.png 300w, https:\/\/www.ulaznice.hr\/skrivenadalmacija\/wp-content\/uploads\/2023\/03\/skrivena_dalmacija_cp_dugopolje36-021122-1-1-16x12.png 16w\" sizes=\"auto, (max-width: 500px) 100vw, 500px\" \/>\t\t\t\t\t\t\t\t<\/a>\n\t\t\t\t\t\t\t\t\t\t\t\t\t\t\t<\/div>\n\t\t\t\t<\/div>\n\t\t\t\t<div class=\"elementor-element elementor-element-0678ee3 elementor-widget elementor-widget-text-editor\" data-id=\"0678ee3\" data-element_type=\"widget\" data-widget_type=\"text-editor.default\">\n\t\t\t\t<div class=\"elementor-widget-container\">\n\t\t\t<style>\/*! elementor - v3.11.5 - 14-03-2023 *\/\n.elementor-widget-text-editor.elementor-drop-cap-view-stacked .elementor-drop-cap{background-color:#818a91;color:#fff}.elementor-widget-text-editor.elementor-drop-cap-view-framed .elementor-drop-cap{color:#818a91;border:3px solid;background-color:transparent}.elementor-widget-text-editor:not(.elementor-drop-cap-view-default) .elementor-drop-cap{margin-top:8px}.elementor-widget-text-editor:not(.elementor-drop-cap-view-default) .elementor-drop-cap-letter{width:1em;height:1em}.elementor-widget-text-editor .elementor-drop-cap{float:left;text-align:center;line-height:1;font-size:50px}.elementor-widget-text-editor .elementor-drop-cap-letter{display:inline-block}<\/style>\t\t\t\t<p><strong>MULTIMEDIJALNI<br>POSTAV<\/strong><\/p>\t\t\t\t\t\t<\/div>\n\t\t\t\t<\/div>\n\t\t\t\t<div class=\"elementor-element elementor-element-ae3fd0b elementor-widget elementor-widget-text-editor\" data-id=\"ae3fd0b\" data-element_type=\"widget\" data-widget_type=\"text-editor.default\">\n\t\t\t\t<div class=\"elementor-widget-container\">\n\t\t\t\t\t\t\t<p>Ulaznica obuhva\u0107a posjet multimedijalom postavu Centra za posjetitelje Skrivena Dalmacija<\/p><p>\u00a0<\/p>\t\t\t\t\t\t<\/div>\n\t\t\t\t<\/div>\n\t\t\t\t<div class=\"elementor-element elementor-element-3f284e5 elementor-align-center elementor-widget elementor-widget-button\" data-id=\"3f284e5\" data-element_type=\"widget\" data-widget_type=\"button.default\">\n\t\t\t\t<div class=\"elementor-widget-container\">\n\t\t\t\t\t<div class=\"elementor-button-wrapper\">\n\t\t\t<a href=\"https:\/\/www.ulaznice.hr\/skrivenadalmacija\/shop\/event\/116\/1\" class=\"elementor-button-link elementor-button elementor-size-sm\" role=\"button\">\n\t\t\t\t\t\t<span class=\"elementor-button-content-wrapper\">\n\t\t\t\t\t\t<span class=\"elementor-button-text\">Nastavak<\/span>\n\t\t<\/span>\n\t\t\t\t\t<\/a>\n\t\t<\/div>\n\t\t\t\t<\/div>\n\t\t\t\t<\/div>\n\t\t\t\t\t<\/div>\n\t\t<\/div>\n\t\t\t\t<div class=\"elementor-column elementor-col-33 elementor-top-column elementor-element elementor-element-d0910d5\" data-id=\"d0910d5\" data-element_type=\"column\">\n\t\t\t<div class=\"elementor-widget-wrap elementor-element-populated\">\n\t\t\t\t\t\t\t\t<div class=\"elementor-element elementor-element-ba01209 elementor-widget elementor-widget-image\" data-id=\"ba01209\" data-element_type=\"widget\" data-widget_type=\"image.default\">\n\t\t\t\t<div class=\"elementor-widget-container\">\n\t\t\t\t\t\t\t\t\t\t\t\t\t\t\t\t<a href=\"https:\/\/www.ulaznice.hr\/skrivenadalmacija\/shop\/edukativni-programi\/116\">\n\t\t\t\t\t\t\t<img loading=\"lazy\" decoding=\"async\" width=\"500\" height=\"380\" src=\"https:\/\/www.ulaznice.hr\/skrivenadalmacija\/wp-content\/uploads\/2023\/03\/20221013_TZ_Dugopolje0348-1.png\" class=\"attachment-large size-large wp-image-158\" alt=\"\" srcset=\"https:\/\/www.ulaznice.hr\/skrivenadalmacija\/wp-content\/uploads\/2023\/03\/20221013_TZ_Dugopolje0348-1.png 500w, https:\/\/www.ulaznice.hr\/skrivenadalmacija\/wp-content\/uploads\/2023\/03\/20221013_TZ_Dugopolje0348-1-300x228.png 300w, https:\/\/www.ulaznice.hr\/skrivenadalmacija\/wp-content\/uploads\/2023\/03\/20221013_TZ_Dugopolje0348-1-16x12.png 16w\" sizes=\"auto, (max-width: 500px) 100vw, 500px\" \/>\t\t\t\t\t\t\t\t<\/a>\n\t\t\t\t\t\t\t\t\t\t\t\t\t\t\t<\/div>\n\t\t\t\t<\/div>\n\t\t\t\t<div class=\"elementor-element elementor-element-d120357 elementor-widget elementor-widget-text-editor\" data-id=\"d120357\" data-element_type=\"widget\" data-widget_type=\"text-editor.default\">\n\t\t\t\t<div class=\"elementor-widget-container\">\n\t\t\t\t\t\t\t<p><strong>EDUKATIVNI<br \/>PROGRAMI<\/strong><\/p>\t\t\t\t\t\t<\/div>\n\t\t\t\t<\/div>\n\t\t\t\t<div class=\"elementor-element elementor-element-753eaa3 elementor-widget elementor-widget-text-editor\" data-id=\"753eaa3\" data-element_type=\"widget\" data-widget_type=\"text-editor.default\">\n\t\t\t\t<div class=\"elementor-widget-container\">\n\t\t\t\t\t\t\t<ul>\n<li>Tematske radionice u Centru za posjetitelje Skrivena Dalmacija<\/li>\n<li>Tematske radionice u \u0161kolama u prirodi<\/li>\n<\/ul>\n<div><br><\/div><div><br><\/div>\t\t\t\t\t\t<\/div>\n\t\t\t\t<\/div>\n\t\t\t\t<div class=\"elementor-element elementor-element-612f695 elementor-align-center elementor-widget elementor-widget-button\" data-id=\"612f695\" data-element_type=\"widget\" data-widget_type=\"button.default\">\n\t\t\t\t<div class=\"elementor-widget-container\">\n\t\t\t\t\t<div class=\"elementor-button-wrapper\">\n\t\t\t<a href=\"https:\/\/www.ulaznice.hr\/skrivenadalmacija\/shop\/edukativni-programi\/116\" class=\"elementor-button-link elementor-button elementor-size-sm\" role=\"button\">\n\t\t\t\t\t\t<span class=\"elementor-button-content-wrapper\">\n\t\t\t\t\t\t<span class=\"elementor-button-text\">Nastavak<\/span>\n\t\t<\/span>\n\t\t\t\t\t<\/a>\n\t\t<\/div>\n\t\t\t\t<\/div>\n\t\t\t\t<\/div>\n\t\t\t\t\t<\/div>\n\t\t<\/div>\n\t\t\t\t<div class=\"elementor-column elementor-col-33 elementor-top-column elementor-element elementor-element-4463f34\" data-id=\"4463f34\" data-element_type=\"column\">\n\t\t\t<div class=\"elementor-widget-wrap elementor-element-populated\">\n\t\t\t\t\t\t\t\t<div class=\"elementor-element elementor-element-9e3db84 elementor-widget elementor-widget-image\" data-id=\"9e3db84\" data-element_type=\"widget\" data-widget_type=\"image.default\">\n\t\t\t\t<div class=\"elementor-widget-container\">\n\t\t\t\t\t\t\t\t\t\t\t\t\t\t\t\t<a href=\"https:\/\/www.ulaznice.hr\/skrivenadalmacija\/shop\/dogadaji\/116\">\n\t\t\t\t\t\t\t<img loading=\"lazy\" decoding=\"async\" width=\"500\" height=\"380\" src=\"https:\/\/www.ulaznice.hr\/skrivenadalmacija\/wp-content\/uploads\/2023\/03\/20221013_TZ_Dugopolje0574-1.png\" class=\"attachment-large size-large wp-image-157\" alt=\"\" srcset=\"https:\/\/www.ulaznice.hr\/skrivenadalmacija\/wp-content\/uploads\/2023\/03\/20221013_TZ_Dugopolje0574-1.png 500w, https:\/\/www.ulaznice.hr\/skrivenadalmacija\/wp-content\/uploads\/2023\/03\/20221013_TZ_Dugopolje0574-1-300x228.png 300w, https:\/\/www.ulaznice.hr\/skrivenadalmacija\/wp-content\/uploads\/2023\/03\/20221013_TZ_Dugopolje0574-1-16x12.png 16w\" sizes=\"auto, (max-width: 500px) 100vw, 500px\" \/>\t\t\t\t\t\t\t\t<\/a>\n\t\t\t\t\t\t\t\t\t\t\t\t\t\t\t<\/div>\n\t\t\t\t<\/div>\n\t\t\t\t<div class=\"elementor-element elementor-element-ffdab86 elementor-widget elementor-widget-text-editor\" data-id=\"ffdab86\" data-element_type=\"widget\" data-widget_type=\"text-editor.default\">\n\t\t\t\t<div class=\"elementor-widget-container\">\n\t\t\t\t\t\t\t<p><strong>DOGA\u0110AJI<\/strong><\/p>\t\t\t\t\t\t<\/div>\n\t\t\t\t<\/div>\n\t\t\t\t<div class=\"elementor-element elementor-element-893d2f1 elementor-widget elementor-widget-text-editor\" data-id=\"893d2f1\" data-element_type=\"widget\" data-widget_type=\"text-editor.default\">\n\t\t\t\t<div class=\"elementor-widget-container\">\n\t\t\t\t\t\t\t<ul><li>Izlo\u017ebe<\/li><li>Konferencije<\/li><li>Radionice<\/li><li>Promocije<\/li><li>Koncerti i razne manifestacije<\/li><\/ul>\t\t\t\t\t\t<\/div>\n\t\t\t\t<\/div>\n\t\t\t\t<div class=\"elementor-element elementor-element-aef0a3f elementor-align-center elementor-widget elementor-widget-button\" data-id=\"aef0a3f\" data-element_type=\"widget\" data-widget_type=\"button.default\">\n\t\t\t\t<div class=\"elementor-widget-container\">\n\t\t\t\t\t<div class=\"elementor-button-wrapper\">\n\t\t\t<a href=\"https:\/\/www.ulaznice.hr\/skrivenadalmacija\/shop\/dogadaji\/116\" class=\"elementor-button-link elementor-button elementor-size-sm\" role=\"button\">\n\t\t\t\t\t\t<span class=\"elementor-button-content-wrapper\">\n\t\t\t\t\t\t<span class=\"elementor-button-text\">Nastavak<\/span>\n\t\t<\/span>\n\t\t\t\t\t<\/a>\n\t\t<\/div>\n\t\t\t\t<\/div>\n\t\t\t\t<\/div>\n\t\t\t\t\t<\/div>\n\t\t<\/div>\n\t\t\t\t\t\t\t<\/div>\n\t\t<\/section>\n\t\t\t\t\t\t\t<\/div>\n\t\t","protected":false},"excerpt":{"rendered":"<p>Odaberite vrstu do\u017eivljaja Skrivene Dalmacije. Centar za posjetitelje Skrivena Dalmacija je edukativni, multimedijalni i interpretacijski centar s dodatkom pou\u010dnih staza i \u0161kola u prirodi. Sredi\u0161nje mjesto Centra je multimedijalni interpretacijski postav koji na moderan i interaktivan na\u010din prezentira prirodnu ba\u0161tinu. Centar nudi multisenzorske interpretativne zone, taktilne, zvu\u010dne, mirisne elemente i video projekcije te pou\u010dne interaktivne &hellip;<\/p>\n<p class=\"read-more\"> <a class=\"\" href=\"https:\/\/www.ulaznice.hr\/skrivenadalmacija\/\"> <span class=\"screen-reader-text\">Slobodna Dalmacija naslovnica 2<\/span> Read More &raquo;<\/a><\/p>\n","protected":false},"author":1,"featured_media":0,"parent":0,"menu_order":0,"comment_status":"closed","ping_status":"closed","template":"","meta":{"site-sidebar-layout":"default","site-content-layout":"default","ast-global-header-display":"","ast-main-header-display":"","ast-hfb-above-header-display":"","ast-hfb-below-header-display":"","ast-hfb-mobile-header-display":"","site-post-title":"disabled","ast-breadcrumbs-content":"","ast-featured-img":"","footer-sml-layout":"","theme-transparent-header-meta":"","adv-header-id-meta":"","stick-header-meta":"","header-above-stick-meta":"","header-main-stick-meta":"","header-below-stick-meta":"","footnotes":""},"class_list":["post-85","page","type-page","status-publish","hentry"],"_links":{"self":[{"href":"https:\/\/www.ulaznice.hr\/skrivenadalmacija\/index.php?rest_route=\/wp\/v2\/pages\/85","targetHints":{"allow":["GET"]}}],"collection":[{"href":"https:\/\/www.ulaznice.hr\/skrivenadalmacija\/index.php?rest_route=\/wp\/v2\/pages"}],"about":[{"href":"https:\/\/www.ulaznice.hr\/skrivenadalmacija\/index.php?rest_route=\/wp\/v2\/types\/page"}],"author":[{"embeddable":true,"href":"https:\/\/www.ulaznice.hr\/skrivenadalmacija\/index.php?rest_route=\/wp\/v2\/users\/1"}],"replies":[{"embeddable":true,"href":"https:\/\/www.ulaznice.hr\/skrivenadalmacija\/index.php?rest_route=%2Fwp%2Fv2%2Fcomments&post=85"}],"version-history":[{"count":19,"href":"https:\/\/www.ulaznice.hr\/skrivenadalmacija\/index.php?rest_route=\/wp\/v2\/pages\/85\/revisions"}],"predecessor-version":[{"id":428,"href":"https:\/\/www.ulaznice.hr\/skrivenadalmacija\/index.php?rest_route=\/wp\/v2\/pages\/85\/revisions\/428"}],"wp:attachment":[{"href":"https:\/\/www.ulaznice.hr\/skrivenadalmacija\/index.php?rest_route=%2Fwp%2Fv2%2Fmedia&parent=85"}],"curies":[{"name":"wp","href":"https:\/\/api.w.org\/{rel}","templated":true}]}}